{"id":12,"date":"2024-10-24T15:04:10","date_gmt":"2024-10-24T15:04:10","guid":{"rendered":"https:\/\/baremis.com\/contacto\/"},"modified":"2025-08-19T18:08:57","modified_gmt":"2025-08-19T18:08:57","slug":"contacto","status":"publish","type":"page","link":"https:\/\/baremis.com\/en\/contacto\/","title":{"rendered":"Contacto"},"content":{"rendered":"<div class=\"wp-block-group alignfull has-background-background-color has-background has-global-padding is-layout-constrained wp-container-core-group-is-layout-2 wp-block-group-is-layout-constrained\" style=\"margin-top:0;margin-bottom:0;padding-top:0;padding-right:0;padding-bottom:0;padding-left:0\">\n<div class=\"wp-block-cover alignfull\" style=\"padding-top:0;padding-right:var(--wp--preset--spacing--30);padding-bottom:0;padding-left:var(--wp--preset--spacing--30);min-height:50px;aspect-ratio:unset;\"><span aria-hidden=\"true\" class=\"wp-block-cover__background has-black-background-color has-background-dim-60 has-background-dim\"><\/span><img loading=\"lazy\" decoding=\"async\" width=\"2560\" height=\"1703\" class=\"wp-block-cover__image-background wp-image-68\" alt=\"\" src=\"https:\/\/baremis.com\/wp-content\/uploads\/2024\/10\/pexels-bylukemiller-13701583-scaled.jpg\" style=\"object-position:53% 75%\" data-object-fit=\"cover\" data-object-position=\"53% 75%\" srcset=\"https:\/\/baremis.com\/wp-content\/uploads\/2024\/10\/pexels-bylukemiller-13701583-scaled.jpg 2560w, https:\/\/baremis.com\/wp-content\/uploads\/2024\/10\/pexels-bylukemiller-13701583-300x200.jpg 300w, https:\/\/baremis.com\/wp-content\/uploads\/2024\/10\/pexels-bylukemiller-13701583-1024x681.jpg 1024w, https:\/\/baremis.com\/wp-content\/uploads\/2024\/10\/pexels-bylukemiller-13701583-768x511.jpg 768w, https:\/\/baremis.com\/wp-content\/uploads\/2024\/10\/pexels-bylukemiller-13701583-1536x1022.jpg 1536w, https:\/\/baremis.com\/wp-content\/uploads\/2024\/10\/pexels-bylukemiller-13701583-2048x1363.jpg 2048w\" sizes=\"auto, (max-width: 2560px) 100vw, 2560px\" \/><div class=\"wp-block-cover__inner-container is-layout-flow wp-block-cover-is-layout-flow\">\n<div class=\"wp-block-group has-global-padding is-layout-constrained wp-block-group-is-layout-constrained\" style=\"padding-top:var(--wp--preset--spacing--60);padding-bottom:var(--wp--preset--spacing--60)\">\n<div class=\"wp-block-columns alignwide are-vertically-aligned-center is-layout-flex wp-container-core-columns-is-layout-1 wp-block-columns-is-layout-flex\">\n<div class=\"wp-block-column is-vertically-aligned-center is-layout-flow wp-block-column-is-layout-flow\">\n<h1 class=\"wp-block-heading has-text-color has-x-large-font-size\" style=\"color:#fffffffc\">\u00bfQuieres crear tu empresa en Dub\u00e1i y no sabes por d\u00f3nde empezar?<\/h1>\n<\/div>\n\n\n\n<div class=\"wp-block-column is-vertically-aligned-center is-layout-flow wp-block-column-is-layout-flow\">\n<p class=\"has-text-color\" style=\"color:#fffffffc;font-size:clamp(15.747px, 0.984rem + ((1vw - 3.2px) * 0.86), 24px);\">Rellena el formulario y uno de nuestros expertos se pondr\u00e1 en contacto contigo.<\/p>\n<\/div>\n<\/div>\n<\/div>\n<\/div><\/div>\n<\/div>\n\n\n\n<div class=\"wp-block-group alignfull has-custom-dorado-background-color has-background has-global-padding is-layout-constrained wp-container-core-group-is-layout-5 wp-block-group-is-layout-constrained\" id=\"contacto\" style=\"margin-top:0;margin-bottom:0;padding-top:var(--wp--preset--spacing--60);padding-right:var(--wp--preset--spacing--30);padding-bottom:var(--wp--preset--spacing--60);padding-left:var(--wp--preset--spacing--30)\">\n<div class=\"wp-block-group has-global-padding is-layout-constrained wp-block-group-is-layout-constrained\" style=\"margin-bottom:var(--wp--preset--spacing--40)\">\n<h2 class=\"wp-block-heading has-text-align-center has-large-font-size\">Cont\u00e1ctanos<\/h2>\n\n\n\n<p class=\"has-text-align-center\" style=\"margin-top:1rem\">Para m\u00e1s detalles o consultas, cont\u00e1ctanos. \u00a1Estamos listos para asistirte!<\/p>\n<\/div>\n\n\n\n<div class=\"wp-block-group has-global-padding is-layout-constrained wp-block-group-is-layout-constrained\">\n<div class=\"wp-block-contact-form-7-contact-form-selector\">\n<div class=\"wpcf7 no-js\" id=\"wpcf7-f11-o1\" lang=\"es-ES\" dir=\"ltr\" data-wpcf7-id=\"11\">\n<div class=\"screen-reader-response\"><p role=\"status\" aria-live=\"polite\" aria-atomic=\"true\"><\/p> <ul><\/ul><\/div>\n<form action=\"\/en\/wp-json\/wp\/v2\/pages\/12#wpcf7-f11-o1\" method=\"post\" class=\"wpcf7-form init\" aria-label=\"Formulario de contacto\" novalidate=\"novalidate\" data-status=\"init\" data-trp-original-action=\"\/en\/wp-json\/wp\/v2\/pages\/12#wpcf7-f11-o1\">\n<fieldset class=\"hidden-fields-container\"><input type=\"hidden\" name=\"_wpcf7\" value=\"11\" \/><input type=\"hidden\" name=\"_wpcf7_version\" value=\"6.1.5\" \/><input type=\"hidden\" name=\"_wpcf7_locale\" value=\"es_ES\" \/><input type=\"hidden\" name=\"_wpcf7_unit_tag\" value=\"wpcf7-f11-o1\" \/><input type=\"hidden\" name=\"_wpcf7_container_post\" value=\"0\" \/><input type=\"hidden\" name=\"_wpcf7_posted_data_hash\" value=\"\" \/>\n<\/fieldset>\n<p><label> Tu nombre<br \/>\n<span class=\"wpcf7-form-control-wrap\" data-name=\"your-name\"><input size=\"40\" maxlength=\"400\" class=\"wpcf7-form-control wpcf7-text wpcf7-validates-as-required\" autocomplete=\"name\" aria-required=\"true\" aria-invalid=\"false\" value=\"\" type=\"text\" name=\"your-name\" \/><\/span> <\/label>\n<\/p>\n<p><label> Tu correo electr\u00f3nico<br \/>\n<span class=\"wpcf7-form-control-wrap\" data-name=\"your-email\"><input size=\"40\" maxlength=\"400\" class=\"wpcf7-form-control wpcf7-email wpcf7-validates-as-required wpcf7-text wpcf7-validates-as-email\" autocomplete=\"email\" aria-required=\"true\" aria-invalid=\"false\" value=\"\" type=\"email\" name=\"your-email\" \/><\/span> <\/label>\n<\/p>\n<p><label> Asunto<br \/>\n<span class=\"wpcf7-form-control-wrap\" data-name=\"your-subject\"><input size=\"40\" maxlength=\"400\" class=\"wpcf7-form-control wpcf7-text wpcf7-validates-as-required\" aria-required=\"true\" aria-invalid=\"false\" value=\"\" type=\"text\" name=\"your-subject\" \/><\/span> <\/label>\n<\/p>\n<p><label> Tu mensaje (opcional)<br \/>\n<span class=\"wpcf7-form-control-wrap\" data-name=\"your-message\"><textarea cols=\"40\" rows=\"10\" maxlength=\"2000\" class=\"wpcf7-form-control wpcf7-textarea\" aria-invalid=\"false\" name=\"your-message\"><\/textarea><\/span> <\/label>\n<\/p>\n<p><input class=\"wpcf7-form-control wpcf7-submit has-spinner\" type=\"submit\" value=\"Enviar\" \/>\n<\/p><p style=\"display: none !important;\" class=\"akismet-fields-container\" data-prefix=\"_wpcf7_ak_\"><label>&#916;<textarea name=\"_wpcf7_ak_hp_textarea\" cols=\"45\" rows=\"8\" maxlength=\"100\"><\/textarea><\/label><input type=\"hidden\" id=\"ak_js_1\" name=\"_wpcf7_ak_js\" value=\"7\"\/><script>document.getElementById( \"ak_js_1\" ).setAttribute( \"value\", ( new Date() ).getTime() );<\/script><\/p><div class=\"wpcf7-response-output\" aria-hidden=\"true\"><\/div>\n<input type=\"hidden\" name=\"trp-form-language\" value=\"en\"\/><\/form>\n<\/div>\n<\/div>\n<\/div>\n<\/div>\n\n\n\n<div class=\"wp-block-group alignfull has-custom-black-background-color has-background has-global-padding is-layout-constrained wp-container-core-group-is-layout-7 wp-block-group-is-layout-constrained\" style=\"margin-top:0;margin-bottom:0;padding-top:var(--wp--preset--spacing--60);padding-right:var(--wp--preset--spacing--30);padding-bottom:var(--wp--preset--spacing--60);padding-left:var(--wp--preset--spacing--30)\">\n<div class=\"wp-block-columns alignwide has-tertiary-background-color has-background is-layout-flex wp-container-core-columns-is-layout-2 wp-block-columns-is-layout-flex\" style=\"padding-top:0;padding-right:0;padding-bottom:0;padding-left:0\">\n<div class=\"wp-block-column is-vertically-aligned-stretch is-layout-flow wp-block-column-is-layout-flow\" style=\"flex-basis:40%\">\n<div class=\"wp-block-cover is-light\" style=\"min-height:100%;aspect-ratio:unset;\"><span aria-hidden=\"true\" class=\"wp-block-cover__background has-background-dim-0 has-background-dim\" style=\"background-color:#95887f\"><\/span><img loading=\"lazy\" decoding=\"async\" width=\"2560\" height=\"1709\" class=\"wp-block-cover__image-background wp-image-226\" alt=\"\" src=\"https:\/\/baremis.com\/wp-content\/uploads\/2024\/10\/pexels-pavel-danilyuk-8112172-scaled.jpg\" data-object-fit=\"cover\" srcset=\"https:\/\/baremis.com\/wp-content\/uploads\/2024\/10\/pexels-pavel-danilyuk-8112172-scaled.jpg 2560w, https:\/\/baremis.com\/wp-content\/uploads\/2024\/10\/pexels-pavel-danilyuk-8112172-300x200.jpg 300w, https:\/\/baremis.com\/wp-content\/uploads\/2024\/10\/pexels-pavel-danilyuk-8112172-1024x684.jpg 1024w, https:\/\/baremis.com\/wp-content\/uploads\/2024\/10\/pexels-pavel-danilyuk-8112172-768x513.jpg 768w, https:\/\/baremis.com\/wp-content\/uploads\/2024\/10\/pexels-pavel-danilyuk-8112172-1536x1025.jpg 1536w, https:\/\/baremis.com\/wp-content\/uploads\/2024\/10\/pexels-pavel-danilyuk-8112172-2048x1367.jpg 2048w\" sizes=\"auto, (max-width: 2560px) 100vw, 2560px\" \/><div class=\"wp-block-cover__inner-container is-layout-flow wp-block-cover-is-layout-flow\">\n<div style=\"height:240px\" aria-hidden=\"true\" class=\"wp-block-spacer\"><\/div>\n<\/div><\/div>\n<\/div>\n\n\n\n<div class=\"wp-block-column is-vertically-aligned-center is-layout-flow wp-block-column-is-layout-flow\">\n<div class=\"wp-block-group has-custom-dorado-background-color has-background has-global-padding is-layout-constrained wp-container-core-group-is-layout-6 wp-block-group-is-layout-constrained\" style=\"padding-top:var(--wp--preset--spacing--50);padding-right:var(--wp--preset--spacing--50);padding-bottom:var(--wp--preset--spacing--50);padding-left:var(--wp--preset--spacing--50)\">\n<h2 class=\"wp-block-heading\" style=\"margin-top:0;margin-bottom:var(--wp--preset--spacing--20);font-size:clamp(1.79rem, 1.79rem + ((1vw - 0.2rem) * 2.183), 3.1rem);\">Con\u00f3cenos<\/h2>\n\n\n\n<p style=\"margin-top:0px;font-size:clamp(20.515px, 1.282rem + ((1vw - 3.2px) * 1.301), 33px);\">Estamos en:<\/p>\n\n\n\n<p style=\"margin-top:16px\"><strong>1209 Mountain Road PL NE STE N Albuquerque, NM 87110, United States<\/strong><br><br><strong>Premises No 45465 \u2013 001, IFZA Business Park, DDP, Dubai Silicon Oasis, Dubai, United Arab Emirates<\/strong><\/p>\n\n\n\n<p>Tel\u00e9fonos:<br>+971 50 653 5292<br>+34 629 01 49 01<\/p>\n\n\n\n<p style=\"margin-top:16px\">info@baremisyasociados.com<\/p>\n\n\n\n<div class=\"wp-block-buttons is-content-justification-left is-layout-flex wp-container-core-buttons-is-layout-1 wp-block-buttons-is-layout-flex\" style=\"margin-top:var(--wp--preset--spacing--40)\">\n<div class=\"wp-block-button\"><a class=\"wp-block-button__link has-custom-black-background-color has-background wp-element-button\" href=\"\/en\/contacto\/\">Con\u00e9ctate hoy<\/a><\/div>\n<\/div>\n<\/div>\n<\/div>\n<\/div>\n<\/div>\n\n\n\n<p><\/p>","protected":false},"excerpt":{"rendered":"<p>Cont\u00e1ctanos Para m\u00e1s detalles o consultas, cont\u00e1ctanos. \u00a1Estamos listos para asistirte! Con\u00f3cenos Estamos en: 1209 Mountain Road PL NE STE N Albuquerque, NM 87110, United States Premises No 45465 \u2013 001, IFZA Business Park, DDP, Dubai Silicon Oasis, Dubai, United Arab Emirates Tel\u00e9fonos:+971 50 653 5292+34 629 01 49 01 info@baremisyasociados.com<\/p>","protected":false},"author":1,"featured_media":68,"parent":0,"menu_order":0,"comment_status":"closed","ping_status":"closed","template":"no-title","meta":{"om_disable_all_campaigns":false,"_monsterinsights_skip_tracking":false,"_monsterinsights_sitenote_active":false,"_monsterinsights_sitenote_note":"","_monsterinsights_sitenote_category":0,"footnotes":""},"class_list":["post-12","page","type-page","status-publish","has-post-thumbnail","hentry"],"aioseo_notices":[],"_links":{"self":[{"href":"https:\/\/baremis.com\/en\/wp-json\/wp\/v2\/pages\/12","targetHints":{"allow":["GET"]}}],"collection":[{"href":"https:\/\/baremis.com\/en\/wp-json\/wp\/v2\/pages"}],"about":[{"href":"https:\/\/baremis.com\/en\/wp-json\/wp\/v2\/types\/page"}],"author":[{"embeddable":true,"href":"https:\/\/baremis.com\/en\/wp-json\/wp\/v2\/users\/1"}],"replies":[{"embeddable":true,"href":"https:\/\/baremis.com\/en\/wp-json\/wp\/v2\/comments?post=12"}],"version-history":[{"count":15,"href":"https:\/\/baremis.com\/en\/wp-json\/wp\/v2\/pages\/12\/revisions"}],"predecessor-version":[{"id":349,"href":"https:\/\/baremis.com\/en\/wp-json\/wp\/v2\/pages\/12\/revisions\/349"}],"wp:featuredmedia":[{"embeddable":true,"href":"https:\/\/baremis.com\/en\/wp-json\/wp\/v2\/media\/68"}],"wp:attachment":[{"href":"https:\/\/baremis.com\/en\/wp-json\/wp\/v2\/media?parent=12"}],"curies":[{"name":"wp","href":"https:\/\/api.w.org\/{rel}","templated":true}]}}