{"id":14,"date":"2024-10-24T15:04:11","date_gmt":"2024-10-24T15:04:11","guid":{"rendered":"https:\/\/baremis.com\/servicios\/"},"modified":"2025-08-19T18:19:16","modified_gmt":"2025-08-19T18:19:16","slug":"servicios","status":"publish","type":"page","link":"https:\/\/baremis.com\/en\/servicios\/","title":{"rendered":"Servicios"},"content":{"rendered":"<div class=\"wp-block-group alignfull has-background-background-color has-background has-global-padding is-layout-constrained wp-container-core-group-is-layout-2 wp-block-group-is-layout-constrained\" style=\"margin-top:0;margin-bottom:0;padding-top:0;padding-right:0;padding-bottom:0;padding-left:0\">\n<div class=\"wp-block-cover alignfull\" style=\"padding-top:0;padding-right:var(--wp--preset--spacing--30);padding-bottom:0;padding-left:var(--wp--preset--spacing--30);min-height:50px;aspect-ratio:unset;\"><span aria-hidden=\"true\" class=\"wp-block-cover__background has-black-background-color has-background-dim-60 has-background-dim\"><\/span><img loading=\"lazy\" decoding=\"async\" width=\"2560\" height=\"1709\" class=\"wp-block-cover__image-background wp-image-226\" alt=\"\" src=\"https:\/\/baremis.com\/wp-content\/uploads\/2024\/10\/pexels-pavel-danilyuk-8112172-scaled.jpg\" style=\"object-position:52% 8%\" data-object-fit=\"cover\" data-object-position=\"52% 8%\" srcset=\"https:\/\/baremis.com\/wp-content\/uploads\/2024\/10\/pexels-pavel-danilyuk-8112172-scaled.jpg 2560w, https:\/\/baremis.com\/wp-content\/uploads\/2024\/10\/pexels-pavel-danilyuk-8112172-300x200.jpg 300w, https:\/\/baremis.com\/wp-content\/uploads\/2024\/10\/pexels-pavel-danilyuk-8112172-1024x684.jpg 1024w, https:\/\/baremis.com\/wp-content\/uploads\/2024\/10\/pexels-pavel-danilyuk-8112172-768x513.jpg 768w, https:\/\/baremis.com\/wp-content\/uploads\/2024\/10\/pexels-pavel-danilyuk-8112172-1536x1025.jpg 1536w, https:\/\/baremis.com\/wp-content\/uploads\/2024\/10\/pexels-pavel-danilyuk-8112172-2048x1367.jpg 2048w\" sizes=\"auto, (max-width: 2560px) 100vw, 2560px\" \/><div class=\"wp-block-cover__inner-container is-layout-flow wp-block-cover-is-layout-flow\">\n<div class=\"wp-block-group has-global-padding is-layout-constrained wp-block-group-is-layout-constrained\" style=\"padding-top:var(--wp--preset--spacing--60);padding-bottom:var(--wp--preset--spacing--60)\">\n<div class=\"wp-block-columns alignwide are-vertically-aligned-center is-layout-flex wp-container-core-columns-is-layout-1 wp-block-columns-is-layout-flex\">\n<div class=\"wp-block-column is-vertically-aligned-center is-layout-flow wp-block-column-is-layout-flow\">\n<h1 class=\"wp-block-heading has-text-color has-x-large-font-size\" style=\"color:#fffffffc\">Conoce nuestros Servicios<\/h1>\n<\/div>\n\n\n\n<div class=\"wp-block-column is-vertically-aligned-center is-layout-flow wp-block-column-is-layout-flow\">\n<p class=\"has-text-color\" style=\"color:#fffffffc\">En <strong>Baremis &amp; Asociados<\/strong>, ayudamos a empresarios y emprendedores a expandir su visi\u00f3n y crear estructuras s\u00f3lidas en Dub\u00e1i, el coraz\u00f3n de los negocios globales.<br>Desde la creaci\u00f3n de empresas hasta la gesti\u00f3n comercial y fiscal, ofrecemos soluciones integrales para operar con seguridad, eficiencia y crecimiento sostenido.<\/p>\n<\/div>\n<\/div>\n<\/div>\n<\/div><\/div>\n<\/div>\n\n\n\n<div class=\"wp-block-group alignfull has-custom-dorado-background-color has-background has-global-padding is-layout-constrained wp-container-core-group-is-layout-4 wp-block-group-is-layout-constrained\" id=\"servicios\" style=\"margin-top:0;margin-bottom:0;padding-top:var(--wp--preset--spacing--60);padding-right:var(--wp--preset--spacing--30);padding-bottom:var(--wp--preset--spacing--60);padding-left:var(--wp--preset--spacing--30)\">\n<div class=\"wp-block-group alignwide has-global-padding is-content-justification-left is-layout-constrained wp-container-core-group-is-layout-3 wp-block-group-is-layout-constrained\">\n<h2 class=\"wp-block-heading alignwide has-text-align-center has-large-font-size\">Creaci\u00f3n y Asesoramiento Integral de Empresas en Dub\u00e1i<\/h2>\n<\/div>\n\n\n\n<div class=\"wp-block-columns alignwide is-layout-flex wp-container-core-columns-is-layout-2 wp-block-columns-is-layout-flex\">\n<div class=\"wp-block-column has-custom-black-background-color has-background is-layout-flow wp-block-column-is-layout-flow\" style=\"padding-top:1.5rem;padding-right:1.5rem;padding-bottom:1.5rem;padding-left:1.5rem\">\n<h3 class=\"wp-block-heading\" style=\"font-size:clamp(14px, 0.875rem + ((1vw - 3.2px) * 0.625), 20px);line-height:1.5\">Constituci\u00f3n de Empresas<\/h3>\n\n\n\n<p class=\"has-small-font-size\" style=\"margin-top:8px\">Te guiamos paso a paso en la creaci\u00f3n de tu empresa en Dub\u00e1i: elecci\u00f3n del tipo societario, tr\u00e1mites legales, licencias y todo lo necesario para operar legalmente en Emiratos \u00c1rabes.<\/p>\n<\/div>\n\n\n\n<div class=\"wp-block-column has-custom-black-background-color has-background is-layout-flow wp-block-column-is-layout-flow\" style=\"padding-top:1.5rem;padding-right:1.5rem;padding-bottom:1.5rem;padding-left:1.5rem\">\n<h3 class=\"wp-block-heading\" style=\"font-size:clamp(14px, 0.875rem + ((1vw - 3.2px) * 0.625), 20px);line-height:1.5\">Residencia e Inmigraci\u00f3n<\/h3>\n\n\n\n<p class=\"has-small-font-size\" style=\"margin-top:8px\">Asesoramos en la obtenci\u00f3n de visados, permisos de residencia y soluciones para empresarios, inversores y trabajadores internacionales que deseen establecerse en Dub\u00e1i.<\/p>\n<\/div>\n\n\n\n<div class=\"wp-block-column has-custom-black-background-color has-background is-layout-flow wp-block-column-is-layout-flow\" style=\"padding-top:1.5rem;padding-right:1.5rem;padding-bottom:1.5rem;padding-left:1.5rem\">\n<h3 class=\"wp-block-heading\" style=\"font-size:clamp(14px, 0.875rem + ((1vw - 3.2px) * 0.625), 20px);line-height:1.5\">Asesor\u00eda Jur\u00eddica y Fiscal<\/h3>\n\n\n\n<p class=\"has-small-font-size\" style=\"margin-top:8px\">Brindamos asesor\u00eda especializada en normativa local e internacional, fiscalidad favorable y cumplimiento regulatorio para operar sin riesgos.<\/p>\n<\/div>\n<\/div>\n<\/div>\n\n\n\n<div class=\"wp-block-group alignfull has-custom-black-background-color has-background has-global-padding is-layout-constrained wp-container-core-group-is-layout-9 wp-block-group-is-layout-constrained\" id=\"caracteristicas\" style=\"margin-top:0;margin-bottom:0;padding-top:var(--wp--preset--spacing--50);padding-right:var(--wp--preset--spacing--30);padding-bottom:var(--wp--preset--spacing--60);padding-left:var(--wp--preset--spacing--30)\">\n<div class=\"wp-block-group alignwide has-global-padding is-content-justification-left is-layout-constrained wp-container-core-group-is-layout-5 wp-block-group-is-layout-constrained\">\n<h2 class=\"wp-block-heading alignwide has-text-align-center has-large-font-size\" style=\"margin-top:12px\">Servicios Internacionales Complementarios<\/h2>\n<\/div>\n\n\n\n<div class=\"wp-block-columns alignwide is-layout-flex wp-container-core-columns-is-layout-3 wp-block-columns-is-layout-flex\">\n<div class=\"wp-block-column is-layout-flow wp-block-column-is-layout-flow\">\n<figure class=\"wp-block-image aligncenter size-full is-resized\"><img loading=\"lazy\" decoding=\"async\" width=\"1024\" height=\"1024\" src=\"https:\/\/baremis.com\/wp-content\/uploads\/2025\/08\/2025-08-19-16-59-24-e6a85f0a-7f2f-4b21-802b-4cd1def3602f.jpg\" alt=\"\" class=\"wp-image-342\" style=\"aspect-ratio:1.3333333333333333;object-fit:cover;width:611px;height:auto\"\/><\/figure>\n<\/div>\n\n\n\n<div class=\"wp-block-column is-layout-flow wp-container-core-column-is-layout-7 wp-block-column-is-layout-flow\">\n<div class=\"wp-block-group has-custom-dorado-background-color has-background has-global-padding is-layout-constrained wp-container-core-group-is-layout-6 wp-block-group-is-layout-constrained\" style=\"padding-top:1.5rem;padding-right:1.5rem;padding-bottom:1.5rem;padding-left:1.5rem\">\n<h3 class=\"wp-block-heading\" style=\"font-size:clamp(14px, 0.875rem + ((1vw - 3.2px) * 0.625), 20px);line-height:1.5\">Apertura de Cuentas Bancarias<\/h3>\n\n\n\n<p class=\"has-small-font-size\" style=\"margin-top:8px\">Asistencia para abrir cuentas bancarias corporativas y personales en Dub\u00e1i, cumpliendo con todos los requisitos legales.<\/p>\n<\/div>\n\n\n\n<div class=\"wp-block-group has-custom-dorado-background-color has-background has-global-padding is-layout-constrained wp-container-core-group-is-layout-7 wp-block-group-is-layout-constrained\" style=\"padding-top:1.5rem;padding-right:1.5rem;padding-bottom:1.5rem;padding-left:1.5rem\">\n<h3 class=\"wp-block-heading\" style=\"font-size:clamp(14px, 0.875rem + ((1vw - 3.2px) * 0.625), 20px);line-height:1.5\"><strong>Domiciliaci\u00f3n y Oficinas Virtuales<\/strong><\/h3>\n\n\n\n<p class=\"has-small-font-size\" style=\"margin-top:8px\">Direcci\u00f3n comercial en zonas estrat\u00e9gicas de Dub\u00e1i, recepci\u00f3n de correspondencia y servicios de oficina virtual.<\/p>\n<\/div>\n\n\n\n<div class=\"wp-block-group has-custom-dorado-background-color has-background has-global-padding is-layout-constrained wp-container-core-group-is-layout-8 wp-block-group-is-layout-constrained\" style=\"padding-top:1.5rem;padding-right:1.5rem;padding-bottom:1.5rem;padding-left:1.5rem\">\n<h3 class=\"wp-block-heading\" style=\"font-size:clamp(14px, 0.875rem + ((1vw - 3.2px) * 0.625), 20px);line-height:1.5\"><strong>Traducci\u00f3n Jurada y Documentaci\u00f3n Oficial<\/strong><\/h3>\n\n\n\n<p class=\"has-small-font-size\" style=\"margin-top:8px\">Gesti\u00f3n de traducciones certificadas y legalizaci\u00f3n de documentos requeridos para operar legalmente en los EAU.<\/p>\n<\/div>\n<\/div>\n<\/div>\n<\/div>\n\n\n\n<div class=\"wp-block-group alignfull has-custom-black-background-color has-background has-global-padding is-layout-constrained wp-container-core-group-is-layout-10 wp-block-group-is-layout-constrained\" style=\"margin-top:0;margin-bottom:0;padding-top:var(--wp--preset--spacing--60);padding-right:var(--wp--preset--spacing--30);padding-bottom:var(--wp--preset--spacing--60);padding-left:var(--wp--preset--spacing--30)\">\n<h2 class=\"wp-block-heading has-text-align-center has-large-font-size\">Impulsa tu Negocio en Dub\u00e1i<\/h2>\n\n\n\n<p class=\"has-text-align-center\" style=\"margin-top:16px\">\u00bfListo para hacer crecer tu empresa en una de las regiones m\u00e1s pr\u00f3speras del mundo?<\/p>\n\n\n\n<div class=\"wp-block-buttons is-content-justification-center is-layout-flex wp-container-core-buttons-is-layout-1 wp-block-buttons-is-layout-flex\">\n<div class=\"wp-block-button\"><a class=\"wp-block-button__link has-custom-dorado-background-color has-background wp-element-button\" href=\"\/en\/contacto\/\">Cont\u00e1ctanos hoy y agenda una asesor\u00eda personalizada.<\/a><\/div>\n<\/div>\n<\/div>","protected":false},"excerpt":{"rendered":"<p>Creaci\u00f3n y Asesoramiento Integral de Empresas en Dub\u00e1i Constituci\u00f3n de Empresas Te guiamos paso a paso en la creaci\u00f3n de tu empresa en Dub\u00e1i: elecci\u00f3n del tipo societario, tr\u00e1mites legales, licencias y todo lo necesario para operar legalmente en Emiratos \u00c1rabes. Residencia e Inmigraci\u00f3n Asesoramos en la obtenci\u00f3n de visados, permisos de residencia y soluciones [&hellip;]<\/p>\n","protected":false},"author":1,"featured_media":0,"parent":0,"menu_order":0,"comment_status":"closed","ping_status":"closed","template":"no-title","meta":{"om_disable_all_campaigns":false,"_monsterinsights_skip_tracking":false,"_monsterinsights_sitenote_active":false,"_monsterinsights_sitenote_note":"","_monsterinsights_sitenote_category":0,"footnotes":""},"class_list":["post-14","page","type-page","status-publish","hentry"],"aioseo_notices":[],"_links":{"self":[{"href":"https:\/\/baremis.com\/en\/wp-json\/wp\/v2\/pages\/14","targetHints":{"allow":["GET"]}}],"collection":[{"href":"https:\/\/baremis.com\/en\/wp-json\/wp\/v2\/pages"}],"about":[{"href":"https:\/\/baremis.com\/en\/wp-json\/wp\/v2\/types\/page"}],"author":[{"embeddable":true,"href":"https:\/\/baremis.com\/en\/wp-json\/wp\/v2\/users\/1"}],"replies":[{"embeddable":true,"href":"https:\/\/baremis.com\/en\/wp-json\/wp\/v2\/comments?post=14"}],"version-history":[{"count":12,"href":"https:\/\/baremis.com\/en\/wp-json\/wp\/v2\/pages\/14\/revisions"}],"predecessor-version":[{"id":354,"href":"https:\/\/baremis.com\/en\/wp-json\/wp\/v2\/pages\/14\/revisions\/354"}],"wp:attachment":[{"href":"https:\/\/baremis.com\/en\/wp-json\/wp\/v2\/media?parent=14"}],"curies":[{"name":"wp","href":"https:\/\/api.w.org\/{rel}","templated":true}]}}