{"id":15,"date":"2024-10-24T15:04:11","date_gmt":"2024-10-24T15:04:11","guid":{"rendered":"https:\/\/baremis.com\/testimonios\/"},"modified":"2024-11-08T11:36:55","modified_gmt":"2024-11-08T11:36:55","slug":"testimonios","status":"publish","type":"page","link":"https:\/\/baremis.com\/en\/testimonios\/","title":{"rendered":"Testimonios"},"content":{"rendered":"<div class=\"wp-block-group alignfull has-background-background-color has-background has-global-padding is-layout-constrained wp-container-core-group-is-layout-2 wp-block-group-is-layout-constrained\" style=\"margin-top:0;margin-bottom:0;padding-top:0;padding-right:0;padding-bottom:0;padding-left:0\">\n<div class=\"wp-block-cover alignfull\" style=\"padding-top:0;padding-right:var(--wp--preset--spacing--30);padding-bottom:0;padding-left:var(--wp--preset--spacing--30);min-height:50px;aspect-ratio:unset;\"><span aria-hidden=\"true\" class=\"wp-block-cover__background has-black-background-color has-background-dim-60 has-background-dim\"><\/span><img loading=\"lazy\" decoding=\"async\" width=\"2560\" height=\"1703\" class=\"wp-block-cover__image-background wp-image-68\" alt=\"\" src=\"https:\/\/baremis.com\/wp-content\/uploads\/2024\/10\/pexels-bylukemiller-13701583-scaled.jpg\" style=\"object-position:54% 75%\" data-object-fit=\"cover\" data-object-position=\"54% 75%\" srcset=\"https:\/\/baremis.com\/wp-content\/uploads\/2024\/10\/pexels-bylukemiller-13701583-scaled.jpg 2560w, https:\/\/baremis.com\/wp-content\/uploads\/2024\/10\/pexels-bylukemiller-13701583-300x200.jpg 300w, https:\/\/baremis.com\/wp-content\/uploads\/2024\/10\/pexels-bylukemiller-13701583-1024x681.jpg 1024w, https:\/\/baremis.com\/wp-content\/uploads\/2024\/10\/pexels-bylukemiller-13701583-768x511.jpg 768w, https:\/\/baremis.com\/wp-content\/uploads\/2024\/10\/pexels-bylukemiller-13701583-1536x1022.jpg 1536w, https:\/\/baremis.com\/wp-content\/uploads\/2024\/10\/pexels-bylukemiller-13701583-2048x1363.jpg 2048w\" sizes=\"auto, (max-width: 2560px) 100vw, 2560px\" \/><div class=\"wp-block-cover__inner-container is-layout-flow wp-block-cover-is-layout-flow\">\n<div class=\"wp-block-group has-global-padding is-layout-constrained wp-block-group-is-layout-constrained\" style=\"padding-top:var(--wp--preset--spacing--60);padding-bottom:var(--wp--preset--spacing--60)\">\n<div class=\"wp-block-columns alignwide are-vertically-aligned-center is-layout-flex wp-container-core-columns-is-layout-1 wp-block-columns-is-layout-flex\">\n<div class=\"wp-block-column is-vertically-aligned-center is-layout-flow wp-block-column-is-layout-flow\">\n<h1 class=\"wp-block-heading has-text-color has-x-large-font-size\" style=\"color:#fffffffc\">Experiencia en Gesti\u00f3n y Control<\/h1>\n<\/div>\n\n\n\n<div class=\"wp-block-column is-vertically-aligned-center is-layout-flow wp-block-column-is-layout-flow\">\n<p class=\"has-text-color\" style=\"color:#fffffffc\">Descubre las opiniones de nuestros clientes sobre nuestras soluciones comerciales y de CRM<\/p>\n<\/div>\n<\/div>\n<\/div>\n<\/div><\/div>\n<\/div>\n\n\n\n<div class=\"wp-block-group alignfull has-custom-dorado-background-color has-background has-global-padding is-layout-constrained wp-container-core-group-is-layout-11 wp-block-group-is-layout-constrained\" id=\"testimonios\" style=\"margin-top:0;margin-bottom:0;padding-top:var(--wp--preset--spacing--60);padding-right:var(--wp--preset--spacing--30);padding-bottom:var(--wp--preset--spacing--60);padding-left:var(--wp--preset--spacing--30)\">\n<div class=\"wp-block-columns alignwide are-vertically-aligned-center is-layout-flex wp-container-core-columns-is-layout-2 wp-block-columns-is-layout-flex\">\n<div class=\"wp-block-column is-vertically-aligned-center is-layout-flow wp-block-column-is-layout-flow\" style=\"flex-basis:25%\">\n<div class=\"wp-block-group is-nowrap is-layout-flex wp-container-core-group-is-layout-4 wp-block-group-is-layout-flex\">\n<figure class=\"wp-block-image aligncenter size-large is-resized is-style-rounded\"><img loading=\"lazy\" decoding=\"async\" width=\"1024\" height=\"1024\" src=\"https:\/\/baremis.com\/wp-content\/uploads\/2024\/11\/432012290_122137502168103865_2177629639242657842_n-1024x1024.jpg\" alt=\"\" class=\"wp-image-280\" style=\"width:106px\" srcset=\"https:\/\/baremis.com\/wp-content\/uploads\/2024\/11\/432012290_122137502168103865_2177629639242657842_n-1024x1024.jpg 1024w, https:\/\/baremis.com\/wp-content\/uploads\/2024\/11\/432012290_122137502168103865_2177629639242657842_n-300x300.jpg 300w, https:\/\/baremis.com\/wp-content\/uploads\/2024\/11\/432012290_122137502168103865_2177629639242657842_n-150x150.jpg 150w, https:\/\/baremis.com\/wp-content\/uploads\/2024\/11\/432012290_122137502168103865_2177629639242657842_n-768x768.jpg 768w, https:\/\/baremis.com\/wp-content\/uploads\/2024\/11\/432012290_122137502168103865_2177629639242657842_n-1536x1536.jpg 1536w, https:\/\/baremis.com\/wp-content\/uploads\/2024\/11\/432012290_122137502168103865_2177629639242657842_n-12x12.jpg 12w, https:\/\/baremis.com\/wp-content\/uploads\/2024\/11\/432012290_122137502168103865_2177629639242657842_n.jpg 2048w\" sizes=\"auto, (max-width: 1024px) 100vw, 1024px\" \/><\/figure>\n\n\n\n<div class=\"wp-block-group has-global-padding is-layout-constrained wp-block-group-is-layout-constrained\">\n<h4 class=\"wp-block-heading has-text-align-left\" style=\"margin-top:18px;font-size:clamp(14px, 0.875rem + ((1vw - 3.2px) * 0.417), 18px);\">Grupo Llama Peru<\/h4>\n\n\n\n<p class=\"has-text-align-left has-small-font-size\" style=\"margin-top:4px\">Empresa de Televenta en Lima, Peru<\/p>\n<\/div>\n<\/div>\n<\/div>\n\n\n\n<div class=\"wp-block-column is-vertically-aligned-center is-layout-flow wp-block-column-is-layout-flow\" style=\"flex-basis:66.66%\">\n<p class=\"has-text-align-left\" style=\"font-size:clamp(15.747px, 0.984rem + ((1vw - 3.2px) * 0.86), 24px);font-style:normal;font-weight:500;line-height:1.5\"><em>Gracias a Baremis &amp; Asociados, nuestra empresa de televenta ha logrado mejorar su rendimiento de ventas en tiempo r\u00e9cord. Su enfoque en estrategias comerciales pr\u00e1cticas ha optimizado nuestro equipo y nuestras cifras de conversi\u00f3n se han disparado. \u00a1Recomendado al 100%!<\/em><\/p>\n<\/div>\n<\/div>\n\n\n\n<div class=\"wp-block-columns alignwide are-vertically-aligned-center is-layout-flex wp-container-core-columns-is-layout-3 wp-block-columns-is-layout-flex\">\n<div class=\"wp-block-column is-vertically-aligned-center is-layout-flow wp-block-column-is-layout-flow\" style=\"flex-basis:25%\">\n<div class=\"wp-block-group is-nowrap is-layout-flex wp-container-core-group-is-layout-6 wp-block-group-is-layout-flex\">\n<figure class=\"wp-block-image aligncenter size-full is-resized is-style-rounded\"><img loading=\"lazy\" decoding=\"async\" width=\"296\" height=\"296\" src=\"https:\/\/baremis.com\/wp-content\/uploads\/2024\/11\/436510548_122097516848282615_1228063960048165628_n.jpg\" alt=\"\" class=\"wp-image-279\" style=\"object-fit:cover;width:106px;height:auto\" srcset=\"https:\/\/baremis.com\/wp-content\/uploads\/2024\/11\/436510548_122097516848282615_1228063960048165628_n.jpg 296w, https:\/\/baremis.com\/wp-content\/uploads\/2024\/11\/436510548_122097516848282615_1228063960048165628_n-150x150.jpg 150w, https:\/\/baremis.com\/wp-content\/uploads\/2024\/11\/436510548_122097516848282615_1228063960048165628_n-12x12.jpg 12w\" sizes=\"auto, (max-width: 296px) 100vw, 296px\" \/><\/figure>\n\n\n\n<div class=\"wp-block-group has-global-padding is-layout-constrained wp-block-group-is-layout-constrained\">\n<h4 class=\"wp-block-heading has-text-align-left\" style=\"margin-top:18px;font-size:clamp(14px, 0.875rem + ((1vw - 3.2px) * 0.417), 18px);\">Don Luz<\/h4>\n\n\n\n<p class=\"has-text-align-left has-small-font-size\" style=\"margin-top:4px\">Empresa de Energ\u00eda en Madrid, Espa\u00f1a<\/p>\n<\/div>\n<\/div>\n<\/div>\n\n\n\n<div class=\"wp-block-column is-vertically-aligned-center is-layout-flow wp-block-column-is-layout-flow\" style=\"flex-basis:66.66%\">\n<p class=\"has-text-align-left\" style=\"font-size:clamp(15.747px, 0.984rem + ((1vw - 3.2px) * 0.86), 24px);font-style:normal;font-weight:500;line-height:1.5\"><em>Baremis &amp; Asociados nos ayud\u00f3 a encontrar soluciones que hicieron que nuestro servicio de energ\u00eda fuera mucho m\u00e1s competitivo en el mercado espa\u00f1ol. Gracias a su asesor\u00eda, hemos aumentado la fidelizaci\u00f3n de clientes y mejorado nuestra rentabilidad.<\/em><\/p>\n<\/div>\n<\/div>\n\n\n\n<div class=\"wp-block-columns alignwide are-vertically-aligned-center is-layout-flex wp-container-core-columns-is-layout-4 wp-block-columns-is-layout-flex\">\n<div class=\"wp-block-column is-vertically-aligned-center is-layout-flow wp-block-column-is-layout-flow\" style=\"flex-basis:25%\">\n<div class=\"wp-block-group is-nowrap is-layout-flex wp-container-core-group-is-layout-8 wp-block-group-is-layout-flex\">\n<figure class=\"wp-block-image aligncenter size-full is-resized is-style-rounded\"><img loading=\"lazy\" decoding=\"async\" width=\"640\" height=\"640\" src=\"https:\/\/baremis.com\/wp-content\/uploads\/2024\/11\/412351473_7078550098872513_7312589208812305320_n.jpg\" alt=\"\" class=\"wp-image-281\" style=\"object-fit:cover;width:106px;height:auto\" srcset=\"https:\/\/baremis.com\/wp-content\/uploads\/2024\/11\/412351473_7078550098872513_7312589208812305320_n.jpg 640w, https:\/\/baremis.com\/wp-content\/uploads\/2024\/11\/412351473_7078550098872513_7312589208812305320_n-300x300.jpg 300w, https:\/\/baremis.com\/wp-content\/uploads\/2024\/11\/412351473_7078550098872513_7312589208812305320_n-150x150.jpg 150w, https:\/\/baremis.com\/wp-content\/uploads\/2024\/11\/412351473_7078550098872513_7312589208812305320_n-12x12.jpg 12w\" sizes=\"auto, (max-width: 640px) 100vw, 640px\" \/><\/figure>\n\n\n\n<div class=\"wp-block-group has-global-padding is-layout-constrained wp-block-group-is-layout-constrained\">\n<h4 class=\"wp-block-heading has-text-align-left\" style=\"margin-top:18px;font-size:clamp(14px, 0.875rem + ((1vw - 3.2px) * 0.417), 18px);\">Esmalte y Estilo<\/h4>\n\n\n\n<p class=\"has-text-align-left has-small-font-size\" style=\"margin-top:4px\">Empresa de Manicura, Madrid, Espa\u00f1a.<\/p>\n<\/div>\n<\/div>\n<\/div>\n\n\n\n<div class=\"wp-block-column is-vertically-aligned-center is-layout-flow wp-block-column-is-layout-flow\" style=\"flex-basis:66.66%\">\n<p class=\"has-text-align-left\" style=\"font-size:clamp(15.747px, 0.984rem + ((1vw - 3.2px) * 0.86), 24px);font-style:normal;font-weight:500;line-height:1.5\"><em>La asesor\u00eda de Baremis nos permiti\u00f3 entender mejor a nuestros clientes y mejorar nuestras promociones. Desde que trabajamos con ellos, hemos visto un notable aumento de citas y feedback positivo de nuestros clientes. \u00a1Incre\u00edble!<\/em><\/p>\n<\/div>\n<\/div>\n\n\n\n<div class=\"wp-block-columns alignwide are-vertically-aligned-center is-layout-flex wp-container-core-columns-is-layout-5 wp-block-columns-is-layout-flex\">\n<div class=\"wp-block-column is-vertically-aligned-center is-layout-flow wp-block-column-is-layout-flow\" style=\"flex-basis:25%\">\n<div class=\"wp-block-group is-nowrap is-layout-flex wp-container-core-group-is-layout-10 wp-block-group-is-layout-flex\">\n<figure class=\"wp-block-image aligncenter size-full is-resized is-style-rounded\"><img loading=\"lazy\" decoding=\"async\" width=\"322\" height=\"326\" src=\"https:\/\/baremis.com\/wp-content\/uploads\/2024\/11\/Captura.png\" alt=\"\" class=\"wp-image-282\" style=\"width:106px\" srcset=\"https:\/\/baremis.com\/wp-content\/uploads\/2024\/11\/Captura.png 322w, https:\/\/baremis.com\/wp-content\/uploads\/2024\/11\/Captura-296x300.png 296w, https:\/\/baremis.com\/wp-content\/uploads\/2024\/11\/Captura-12x12.png 12w\" sizes=\"auto, (max-width: 322px) 100vw, 322px\" \/><\/figure>\n\n\n\n<div class=\"wp-block-group has-global-padding is-layout-constrained wp-block-group-is-layout-constrained\">\n<h4 class=\"wp-block-heading has-text-align-left\" style=\"margin-top:18px;font-size:clamp(14px, 0.875rem + ((1vw - 3.2px) * 0.417), 18px);\">Fundadores Retiro<\/h4>\n\n\n\n<p class=\"has-text-align-left has-small-font-size\" style=\"margin-top:4px\">Club deportivo en Madrid, Espa\u00f1a.<\/p>\n<\/div>\n<\/div>\n<\/div>\n\n\n\n<div class=\"wp-block-column is-vertically-aligned-center is-layout-flow wp-block-column-is-layout-flow\" style=\"flex-basis:66.66%\">\n<p class=\"has-text-align-left\" style=\"font-size:clamp(15.747px, 0.984rem + ((1vw - 3.2px) * 0.86), 24px);font-style:normal;font-weight:500;line-height:1.5\"><em>Baremis &amp; Asociados ha sido clave en nuestra empresa. Gracias a su experiencia, nuestro club ha logrado atraer m\u00e1s socios y optimizar nuestras estrategias de captaci\u00f3n. Su equipo realmente entiende el mercado.<\/em><\/p>\n<\/div>\n<\/div>\n<\/div>\n\n\n\n<div class=\"wp-block-group alignfull has-custom-black-background-color has-background has-global-padding is-layout-constrained wp-container-core-group-is-layout-12 wp-block-group-is-layout-constrained\" style=\"margin-top:0;margin-bottom:0;padding-top:var(--wp--preset--spacing--60);padding-right:var(--wp--preset--spacing--30);padding-bottom:var(--wp--preset--spacing--60);padding-left:var(--wp--preset--spacing--30)\">\n<h2 class=\"wp-block-heading has-text-align-center has-large-font-size\">Impulsa tu \u00e9xito empresarial<\/h2>\n\n\n\n<p class=\"has-text-align-center\" style=\"margin-top:16px\">\u00bfQuieres sobresalir en tu industria? Nuestro equipo profesional y comprometido est\u00e1 listo para apoyarte. Con soluciones comerciales personalizadas y estrategias de marketing efectivas, elevamos tu negocio.<\/p>\n\n\n\n<div class=\"wp-block-buttons is-content-justification-center is-layout-flex wp-container-core-buttons-is-layout-1 wp-block-buttons-is-layout-flex\">\n<div class=\"wp-block-button\"><a class=\"wp-block-button__link wp-element-button\" href=\"\/en\/contacto\/\">Ll\u00e1manos hoy<\/a><\/div>\n<\/div>\n<\/div>\n\n\n\n<div class=\"wp-block-group alignfull has-custom-dorado-background-color has-background has-global-padding is-layout-constrained wp-container-core-group-is-layout-14 wp-block-group-is-layout-constrained\" id=\"contacto\" style=\"margin-top:0;margin-bottom:0;padding-top:var(--wp--preset--spacing--60);padding-right:var(--wp--preset--spacing--30);padding-bottom:var(--wp--preset--spacing--60);padding-left:var(--wp--preset--spacing--30)\">\n<div class=\"wp-block-columns alignwide is-layout-flex wp-container-core-columns-is-layout-6 wp-block-columns-is-layout-flex\">\n<div class=\"wp-block-column is-layout-flow wp-block-column-is-layout-flow\" style=\"flex-basis:50%\">\n<div class=\"wp-block-group has-global-padding is-layout-constrained wp-block-group-is-layout-constrained\" style=\"margin-bottom:var(--wp--preset--spacing--40)\">\n<h2 class=\"wp-block-heading has-large-font-size\">Contacto R\u00e1pido<\/h2>\n\n\n\n<p style=\"margin-top:1rem\">\u00bfNecesitas m\u00e1s detalles o tienes preguntas? Cont\u00e1ctanos sin compromiso. \u00a1Estamos listos para asistirte!<\/p>\n<\/div>\n\n\n\n<div class=\"wp-block-contact-form-7-contact-form-selector\">\n<div class=\"wpcf7 no-js\" id=\"wpcf7-f11-o1\" lang=\"es-ES\" dir=\"ltr\" data-wpcf7-id=\"11\">\n<div class=\"screen-reader-response\"><p role=\"status\" aria-live=\"polite\" aria-atomic=\"true\"><\/p> <ul><\/ul><\/div>\n<form action=\"\/en\/wp-json\/wp\/v2\/pages\/15#wpcf7-f11-o1\" method=\"post\" class=\"wpcf7-form init\" aria-label=\"Formulario de contacto\" novalidate=\"novalidate\" data-status=\"init\" data-trp-original-action=\"\/en\/wp-json\/wp\/v2\/pages\/15#wpcf7-f11-o1\">\n<fieldset class=\"hidden-fields-container\"><input type=\"hidden\" name=\"_wpcf7\" value=\"11\" \/><input type=\"hidden\" name=\"_wpcf7_version\" value=\"6.1.5\" \/><input type=\"hidden\" name=\"_wpcf7_locale\" value=\"es_ES\" \/><input type=\"hidden\" name=\"_wpcf7_unit_tag\" value=\"wpcf7-f11-o1\" \/><input type=\"hidden\" name=\"_wpcf7_container_post\" value=\"0\" \/><input type=\"hidden\" name=\"_wpcf7_posted_data_hash\" value=\"\" \/>\n<\/fieldset>\n<p><label> Tu nombre<br \/>\n<span class=\"wpcf7-form-control-wrap\" data-name=\"your-name\"><input size=\"40\" maxlength=\"400\" class=\"wpcf7-form-control wpcf7-text wpcf7-validates-as-required\" autocomplete=\"name\" aria-required=\"true\" aria-invalid=\"false\" value=\"\" type=\"text\" name=\"your-name\" \/><\/span> <\/label>\n<\/p>\n<p><label> Tu correo electr\u00f3nico<br \/>\n<span class=\"wpcf7-form-control-wrap\" data-name=\"your-email\"><input size=\"40\" maxlength=\"400\" class=\"wpcf7-form-control wpcf7-email wpcf7-validates-as-required wpcf7-text wpcf7-validates-as-email\" autocomplete=\"email\" aria-required=\"true\" aria-invalid=\"false\" value=\"\" type=\"email\" name=\"your-email\" \/><\/span> <\/label>\n<\/p>\n<p><label> Asunto<br \/>\n<span class=\"wpcf7-form-control-wrap\" data-name=\"your-subject\"><input size=\"40\" maxlength=\"400\" class=\"wpcf7-form-control wpcf7-text wpcf7-validates-as-required\" aria-required=\"true\" aria-invalid=\"false\" value=\"\" type=\"text\" name=\"your-subject\" \/><\/span> <\/label>\n<\/p>\n<p><label> Tu mensaje (opcional)<br \/>\n<span class=\"wpcf7-form-control-wrap\" data-name=\"your-message\"><textarea cols=\"40\" rows=\"10\" maxlength=\"2000\" class=\"wpcf7-form-control wpcf7-textarea\" aria-invalid=\"false\" name=\"your-message\"><\/textarea><\/span> <\/label>\n<\/p>\n<p><input class=\"wpcf7-form-control wpcf7-submit has-spinner\" type=\"submit\" value=\"Enviar\" \/>\n<\/p><p style=\"display: none !important;\" class=\"akismet-fields-container\" data-prefix=\"_wpcf7_ak_\"><label>&#916;<textarea name=\"_wpcf7_ak_hp_textarea\" cols=\"45\" rows=\"8\" maxlength=\"100\"><\/textarea><\/label><input type=\"hidden\" id=\"ak_js_1\" name=\"_wpcf7_ak_js\" value=\"67\"\/><script>document.getElementById( \"ak_js_1\" ).setAttribute( \"value\", ( new Date() ).getTime() );<\/script><\/p><div class=\"wpcf7-response-output\" aria-hidden=\"true\"><\/div>\n<input type=\"hidden\" name=\"trp-form-language\" value=\"en\"\/><\/form>\n<\/div>\n<\/div>\n<\/div>\n\n\n\n<div class=\"wp-block-column is-layout-flow wp-block-column-is-layout-flow\" style=\"flex-basis:50%\">\n<figure class=\"wp-block-image\"><img decoding=\"async\" src=\"https:\/\/baremis.com\/wp-content\/uploads\/2024\/10\/cb6ed0faf2b0d3a7476fb47aebb3ed0b9bebb2b4.jpg\" alt=\"\" class=\"wp-image-38\" style=\"aspect-ratio:3\/4;object-fit:cover\"\/><\/figure>\n<\/div>\n<\/div>\n<\/div>","protected":false},"excerpt":{"rendered":"<p>Grupo Llama Peru Empresa de Televenta en Lima, Peru Gracias a Baremis &amp; Asociados, nuestra empresa de televenta ha logrado mejorar su rendimiento de ventas en tiempo r\u00e9cord. Su enfoque en estrategias comerciales pr\u00e1cticas ha optimizado nuestro equipo y nuestras cifras de conversi\u00f3n se han disparado. \u00a1Recomendado al 100%! Don Luz Empresa de Energ\u00eda en [&hellip;]<\/p>\n","protected":false},"author":1,"featured_media":0,"parent":0,"menu_order":0,"comment_status":"closed","ping_status":"closed","template":"no-title","meta":{"om_disable_all_campaigns":false,"_monsterinsights_skip_tracking":false,"_monsterinsights_sitenote_active":false,"_monsterinsights_sitenote_note":"","_monsterinsights_sitenote_category":0,"footnotes":""},"class_list":["post-15","page","type-page","status-publish","hentry"],"aioseo_notices":[],"_links":{"self":[{"href":"https:\/\/baremis.com\/en\/wp-json\/wp\/v2\/pages\/15","targetHints":{"allow":["GET"]}}],"collection":[{"href":"https:\/\/baremis.com\/en\/wp-json\/wp\/v2\/pages"}],"about":[{"href":"https:\/\/baremis.com\/en\/wp-json\/wp\/v2\/types\/page"}],"author":[{"embeddable":true,"href":"https:\/\/baremis.com\/en\/wp-json\/wp\/v2\/users\/1"}],"replies":[{"embeddable":true,"href":"https:\/\/baremis.com\/en\/wp-json\/wp\/v2\/comments?post=15"}],"version-history":[{"count":6,"href":"https:\/\/baremis.com\/en\/wp-json\/wp\/v2\/pages\/15\/revisions"}],"predecessor-version":[{"id":283,"href":"https:\/\/baremis.com\/en\/wp-json\/wp\/v2\/pages\/15\/revisions\/283"}],"wp:attachment":[{"href":"https:\/\/baremis.com\/en\/wp-json\/wp\/v2\/media?parent=15"}],"curies":[{"name":"wp","href":"https:\/\/api.w.org\/{rel}","templated":true}]}}