{"id":16,"date":"2024-10-24T15:04:11","date_gmt":"2024-10-24T15:04:11","guid":{"rendered":"https:\/\/baremis.com\/sobre\/"},"modified":"2025-08-19T18:22:56","modified_gmt":"2025-08-19T18:22:56","slug":"sobrenosotros","status":"publish","type":"page","link":"https:\/\/baremis.com\/en\/sobrenosotros\/","title":{"rendered":"Sobre Nosotros"},"content":{"rendered":"<div class=\"wp-block-group alignfull has-background-background-color has-background has-global-padding is-layout-constrained wp-container-core-group-is-layout-2 wp-block-group-is-layout-constrained\" style=\"margin-top:0;margin-bottom:0;padding-top:0;padding-right:0;padding-bottom:0;padding-left:0\">\n<div class=\"wp-block-cover alignfull\" style=\"padding-top:0;padding-right:var(--wp--preset--spacing--30);padding-bottom:0;padding-left:var(--wp--preset--spacing--30);min-height:50px;aspect-ratio:unset;\"><span aria-hidden=\"true\" class=\"wp-block-cover__background has-black-background-color has-background-dim-60 has-background-dim\"><\/span><img loading=\"lazy\" decoding=\"async\" width=\"2560\" height=\"1707\" class=\"wp-block-cover__image-background wp-image-232\" alt=\"\" src=\"https:\/\/baremis.com\/wp-content\/uploads\/2024\/10\/pexels-mart-production-7709189-scaled.jpg\" style=\"object-position:57% 43%\" data-object-fit=\"cover\" data-object-position=\"57% 43%\" srcset=\"https:\/\/baremis.com\/wp-content\/uploads\/2024\/10\/pexels-mart-production-7709189-scaled.jpg 2560w, https:\/\/baremis.com\/wp-content\/uploads\/2024\/10\/pexels-mart-production-7709189-300x200.jpg 300w, https:\/\/baremis.com\/wp-content\/uploads\/2024\/10\/pexels-mart-production-7709189-1024x683.jpg 1024w, https:\/\/baremis.com\/wp-content\/uploads\/2024\/10\/pexels-mart-production-7709189-768x512.jpg 768w, https:\/\/baremis.com\/wp-content\/uploads\/2024\/10\/pexels-mart-production-7709189-1536x1024.jpg 1536w, https:\/\/baremis.com\/wp-content\/uploads\/2024\/10\/pexels-mart-production-7709189-2048x1365.jpg 2048w\" sizes=\"auto, (max-width: 2560px) 100vw, 2560px\" \/><div class=\"wp-block-cover__inner-container is-layout-flow wp-block-cover-is-layout-flow\">\n<div class=\"wp-block-group has-global-padding is-layout-constrained wp-block-group-is-layout-constrained\" style=\"padding-top:var(--wp--preset--spacing--60);padding-bottom:var(--wp--preset--spacing--60)\">\n<div class=\"wp-block-columns alignwide are-vertically-aligned-center is-layout-flex wp-container-core-columns-is-layout-1 wp-block-columns-is-layout-flex\">\n<div class=\"wp-block-column is-vertically-aligned-center is-layout-flow wp-block-column-is-layout-flow\">\n<h1 class=\"wp-block-heading has-text-color has-x-large-font-size\" style=\"color:#fffffffc\"><strong>Expertos en crear tu empresa desde cero, con base en Dub\u00e1i y proyecci\u00f3n internacional.<\/strong><\/h1>\n<\/div>\n\n\n\n<div class=\"wp-block-column is-vertically-aligned-center is-layout-flow wp-block-column-is-layout-flow\">\n<p class=\"has-text-color\" style=\"color:#fffffffc\">En <strong>Baremis &amp; Asociados<\/strong> acompa\u00f1amos a emprendedores, aut\u00f3nomos y empresas en el proceso de <strong>creaci\u00f3n y expansi\u00f3n empresarial en Dub\u00e1i<\/strong>, uno de los entornos m\u00e1s atractivos y ventajosos del mundo para los negocios.<\/p>\n<\/div>\n<\/div>\n<\/div>\n<\/div><\/div>\n<\/div>\n\n\n\n<div class=\"wp-block-group alignfull has-custom-dorado-background-color has-background has-global-padding is-layout-constrained wp-container-core-group-is-layout-4 wp-block-group-is-layout-constrained\" style=\"padding-top:var(--wp--preset--spacing--60);padding-right:var(--wp--preset--spacing--30);padding-bottom:var(--wp--preset--spacing--60);padding-left:var(--wp--preset--spacing--30)\">\n<div class=\"wp-block-media-text alignwide has-media-on-the-right is-stacked-on-mobile is-vertically-aligned-center is-image-fill-element\" style=\"padding-right:0;padding-left:0;grid-template-columns:auto 40%\"><div class=\"wp-block-media-text__content\">\n<div class=\"wp-block-group has-global-padding is-content-justification-left is-layout-constrained wp-container-core-group-is-layout-3 wp-block-group-is-layout-constrained\" style=\"padding-top:var(--wp--preset--spacing--30);padding-right:0;padding-bottom:var(--wp--preset--spacing--30);padding-left:0\">\n<h2 class=\"wp-block-heading has-large-font-size\">Impulsa tu Negocio en Dub\u00e1i<\/h2>\n\n\n\n<p>Desde la <strong>constituci\u00f3n legal<\/strong>, <strong>residencia fiscal<\/strong> y <strong>apertura de cuenta bancaria corporativa<\/strong>, hasta estrategias de <strong>gesti\u00f3n comercial<\/strong>, <strong>control de calidad<\/strong> y desarrollo de <strong>CRM<\/strong>, nos encargamos de cada detalle con profesionalidad, confidencialidad y visi\u00f3n a largo plazo.<\/p>\n\n\n\n<p>Actuamos como socios estrat\u00e9gicos de nuestros clientes, ofreciendo un servicio integral y personalizado con sede en Emiratos \u00c1rabes Unidos y presencia internacional.<\/p>\n\n\n\n<div class=\"wp-block-buttons is-layout-flex wp-container-core-buttons-is-layout-1 wp-block-buttons-is-layout-flex\" style=\"margin-top:var(--wp--preset--spacing--40)\">\n<div class=\"wp-block-button\"><a class=\"wp-block-button__link has-custom-black-background-color has-background wp-element-button\" href=\"\/en\/contacto\/\">Cont\u00e1ctanos hoy<\/a><\/div>\n<\/div>\n<\/div>\n<\/div><figure class=\"wp-block-media-text__media\"><img loading=\"lazy\" decoding=\"async\" width=\"720\" height=\"720\" src=\"https:\/\/baremis.com\/wp-content\/uploads\/2025\/08\/5afd988a6e902758902ac07e1f076333-1.jpg\" alt=\"\" class=\"wp-image-339 size-full\" style=\"object-position:50% 50%\" srcset=\"https:\/\/baremis.com\/wp-content\/uploads\/2025\/08\/5afd988a6e902758902ac07e1f076333-1.jpg 720w, https:\/\/baremis.com\/wp-content\/uploads\/2025\/08\/5afd988a6e902758902ac07e1f076333-1-300x300.jpg 300w, https:\/\/baremis.com\/wp-content\/uploads\/2025\/08\/5afd988a6e902758902ac07e1f076333-1-150x150.jpg 150w, https:\/\/baremis.com\/wp-content\/uploads\/2025\/08\/5afd988a6e902758902ac07e1f076333-1-12x12.jpg 12w\" sizes=\"auto, (max-width: 720px) 100vw, 720px\" \/><\/figure><\/div>\n<\/div>","protected":false},"excerpt":{"rendered":"<p>Impulsa tu Negocio en Dub\u00e1i Desde la constituci\u00f3n legal, residencia fiscal y apertura de cuenta bancaria corporativa, hasta estrategias de gesti\u00f3n comercial, control de calidad y desarrollo de CRM, nos encargamos de cada detalle con profesionalidad, confidencialidad y visi\u00f3n a largo plazo. Actuamos como socios estrat\u00e9gicos de nuestros clientes, ofreciendo un servicio integral y personalizado [&hellip;]<\/p>\n","protected":false},"author":1,"featured_media":0,"parent":0,"menu_order":0,"comment_status":"closed","ping_status":"closed","template":"no-title","meta":{"om_disable_all_campaigns":false,"_monsterinsights_skip_tracking":false,"_monsterinsights_sitenote_active":false,"_monsterinsights_sitenote_note":"","_monsterinsights_sitenote_category":0,"footnotes":""},"class_list":["post-16","page","type-page","status-publish","hentry"],"aioseo_notices":[],"_links":{"self":[{"href":"https:\/\/baremis.com\/en\/wp-json\/wp\/v2\/pages\/16","targetHints":{"allow":["GET"]}}],"collection":[{"href":"https:\/\/baremis.com\/en\/wp-json\/wp\/v2\/pages"}],"about":[{"href":"https:\/\/baremis.com\/en\/wp-json\/wp\/v2\/types\/page"}],"author":[{"embeddable":true,"href":"https:\/\/baremis.com\/en\/wp-json\/wp\/v2\/users\/1"}],"replies":[{"embeddable":true,"href":"https:\/\/baremis.com\/en\/wp-json\/wp\/v2\/comments?post=16"}],"version-history":[{"count":13,"href":"https:\/\/baremis.com\/en\/wp-json\/wp\/v2\/pages\/16\/revisions"}],"predecessor-version":[{"id":356,"href":"https:\/\/baremis.com\/en\/wp-json\/wp\/v2\/pages\/16\/revisions\/356"}],"wp:attachment":[{"href":"https:\/\/baremis.com\/en\/wp-json\/wp\/v2\/media?parent=16"}],"curies":[{"name":"wp","href":"https:\/\/api.w.org\/{rel}","templated":true}]}}