{"id":17,"date":"2024-10-24T15:04:12","date_gmt":"2024-10-24T15:04:12","guid":{"rendered":"https:\/\/baremis.com\/inicio\/"},"modified":"2025-08-19T18:01:42","modified_gmt":"2025-08-19T18:01:42","slug":"inicio","status":"publish","type":"page","link":"https:\/\/baremis.com\/en\/","title":{"rendered":"Inicio"},"content":{"rendered":"<div class=\"wp-block-group alignfull has-custom-black-background-color has-background has-global-padding is-layout-constrained wp-container-core-group-is-layout-3 wp-block-group-is-layout-constrained\" style=\"padding-top:0;padding-right:0;padding-bottom:0;padding-left:0\">\n<div class=\"wp-block-cover alignfull\" style=\"padding-top:0;padding-right:0;padding-bottom:0;padding-left:0;min-height:476px;aspect-ratio:unset;\"><span aria-hidden=\"true\" class=\"wp-block-cover__background has-custom-black-background-color has-background-dim-70 has-background-dim\"><\/span><img loading=\"lazy\" decoding=\"async\" width=\"1536\" height=\"1024\" class=\"wp-block-cover__image-background wp-image-336\" alt=\"\" src=\"https:\/\/baremis.com\/wp-content\/uploads\/2025\/08\/image.jpg\" style=\"object-position:55% 49%\" data-object-fit=\"cover\" data-object-position=\"55% 49%\" srcset=\"https:\/\/baremis.com\/wp-content\/uploads\/2025\/08\/image.jpg 1536w, https:\/\/baremis.com\/wp-content\/uploads\/2025\/08\/image-300x200.jpg 300w, https:\/\/baremis.com\/wp-content\/uploads\/2025\/08\/image-1024x683.jpg 1024w, https:\/\/baremis.com\/wp-content\/uploads\/2025\/08\/image-768x512.jpg 768w, https:\/\/baremis.com\/wp-content\/uploads\/2025\/08\/image-18x12.jpg 18w\" sizes=\"auto, (max-width: 1536px) 100vw, 1536px\" \/><div class=\"wp-block-cover__inner-container is-layout-flow wp-block-cover-is-layout-flow\">\n<div class=\"wp-block-group has-foreground-color has-text-color has-global-padding is-content-justification-center is-layout-constrained wp-container-core-group-is-layout-1 wp-block-group-is-layout-constrained\" style=\"border-top-left-radius:4px;border-top-right-radius:4px;border-bottom-left-radius:0px;border-bottom-right-radius:0px;padding-top:var(--wp--preset--spacing--60);padding-right:var(--wp--preset--spacing--30);padding-bottom:var(--wp--preset--spacing--60);padding-left:var(--wp--preset--spacing--30)\">\n<h2 class=\"wp-block-heading has-text-align-center has-foreground-color has-text-color\" style=\"font-size:clamp(1.93rem, 1.93rem + ((1vw - 0.2rem) * 2.45), 3.4rem);font-style:normal;font-weight:500;letter-spacing:1px\">Constituye tu empresa en Dubai<\/h2>\n\n\n\n<p class=\"has-text-align-center has-foreground-color has-text-color\" style=\"margin-top:16px;font-style:normal;font-weight:400\">Creamos tu empresa en Emiratos \u00c1rabes, te ayudamos a obtener residencia, abrir cuenta bancaria y optimizar tu fiscalidad.<\/p>\n\n\n\n<div class=\"wp-block-buttons is-content-justification-center is-layout-flex wp-container-core-buttons-is-layout-1 wp-block-buttons-is-layout-flex\" style=\"margin-top:var(--wp--preset--spacing--30)\">\n<div class=\"wp-block-button is-style-fill\"><a class=\"wp-block-button__link has-foreground-color has-custom-dorado-background-color has-text-color has-background has-link-color wp-element-button\" href=\"https:\/\/baremis.com\/en\/contacto\/\"><strong>Solicita informaci\u00f3n personalizada<\/strong><\/a><\/div>\n<\/div>\n<\/div>\n<\/div><\/div>\n\n\n\n<div class=\"wp-block-cover alignfull has-parallax\" style=\"padding-top:0;padding-right:0;padding-bottom:0;padding-left:0;min-height:476px;aspect-ratio:unset;\"><span aria-hidden=\"true\" class=\"wp-block-cover__background has-custom-black-background-color has-background-dim-80 has-background-dim\"><\/span><div class=\"wp-block-cover__image-background wp-image-315 has-parallax\" style=\"background-position:50% 50%;background-image:url(https:\/\/baremis.com\/wp-content\/uploads\/2025\/06\/dubai-puerto-deportivo-hd.jpg)\"><\/div><div class=\"wp-block-cover__inner-container is-layout-flow wp-block-cover-is-layout-flow\">\n<div class=\"wp-block-group has-foreground-color has-text-color has-global-padding is-content-justification-center is-layout-constrained wp-container-core-group-is-layout-2 wp-block-group-is-layout-constrained\" style=\"border-top-left-radius:4px;border-top-right-radius:4px;border-bottom-left-radius:0px;border-bottom-right-radius:0px;padding-top:var(--wp--preset--spacing--60);padding-right:var(--wp--preset--spacing--30);padding-bottom:var(--wp--preset--spacing--60);padding-left:var(--wp--preset--spacing--30)\">\n<h2 class=\"wp-block-heading has-text-align-center has-foreground-color has-text-color has-x-large-font-size\" style=\"font-style:normal;font-weight:500;letter-spacing:1px\"><strong>Tu negocio, en Dub\u00e1i. Sin fronteras, sin l\u00edmites<\/strong><\/h2>\n\n\n\n<p class=\"has-text-align-center has-foreground-color has-text-color\" style=\"margin-top:16px;font-style:normal;font-weight:400\"><strong>Crear tu empresa en Dub\u00e1i es m\u00e1s f\u00e1cil de lo que imaginas.<\/strong><\/p>\n\n\n\n<p class=\"has-text-align-center\">En <strong>Baremis &amp; Asociados<\/strong> te acompa\u00f1amos en cada paso:<br>Constituci\u00f3n legal de tu sociedad.<br>Cuenta bancaria empresarial.<br>Residencia en Emiratos.<\/p>\n\n\n\n<p class=\"has-text-align-center\">Para empresarios, aut\u00f3nomos e inversores que quieran<br>Optimizar su fiscalidad, internacionalizar su negocio, y operar desde una jurisdicci\u00f3n s\u00f3lida y estrat\u00e9gica.<\/p>\n\n\n\n<p class=\"has-text-align-center has-foreground-color has-text-color\" style=\"margin-top:16px;font-style:normal;font-weight:400\"><strong>Plazas limitadas este mes. \u00a1Solicita tu asesor\u00eda ahora!<\/strong><\/p>\n\n\n\n<div class=\"wp-block-buttons is-content-justification-center is-layout-flex wp-container-core-buttons-is-layout-2 wp-block-buttons-is-layout-flex\" style=\"margin-top:var(--wp--preset--spacing--30)\">\n<div class=\"wp-block-button is-style-fill\"><a class=\"wp-block-button__link has-foreground-color has-custom-dorado-background-color has-text-color has-background has-link-color wp-element-button\" href=\"https:\/\/baremis.com\/en\/contacto\/\">Reserva tu plaza ahora<\/a><\/div>\n<\/div>\n<\/div>\n<\/div><\/div>\n<\/div>\n\n\n\n<div class=\"wp-block-group alignfull has-global-padding is-layout-constrained wp-container-core-group-is-layout-5 wp-block-group-is-layout-constrained\" id=\"productos\" style=\"margin-top:0;margin-bottom:0;padding-top:var(--wp--preset--spacing--60);padding-right:var(--wp--preset--spacing--30);padding-bottom:var(--wp--preset--spacing--60);padding-left:var(--wp--preset--spacing--30)\">\n<div class=\"wp-block-group alignwide has-global-padding is-content-justification-center is-layout-constrained wp-block-group-is-layout-constrained\">\n<h2 class=\"wp-block-heading alignwide has-text-align-center has-x-large-font-size\">Crea tu empresa en Dub\u00e1i de forma f\u00e1cil y r\u00e1pida<\/h2>\n\n\n\n<p class=\"has-text-align-center\" style=\"margin-top:37px\">Nos encargamos de todo: constituci\u00f3n legal de tu empresa, apertura de cuenta bancaria y obtenci\u00f3n de tu residencia en Emiratos.<\/p>\n\n\n\n<p>Si eres aut\u00f3nomo, empresario o inversor y buscas pagar menos impuestos y operar globalmente, est\u00e1s en el lugar adecuado.<\/p>\n\n\n\n<p class=\"has-text-align-center\" style=\"margin-top:37px\">Reserva tu asesor\u00eda personalizada y empieza tu expansi\u00f3n internacional hoy mismo.<\/p>\n\n\n\n<p class=\"has-text-align-center\" style=\"margin-top:37px;font-size:clamp(18.434px, 1.152rem + ((1vw - 3.2px) * 1.101), 29px);\"><strong><a href=\"https:\/\/baremis.com\/en\/contacto\/\" title=\"Contacto\">Habla con un asesor<\/a><\/strong><\/p>\n<\/div>\n\n\n\n<div class=\"wp-block-columns alignwide is-layout-flex wp-container-core-columns-is-layout-1 wp-block-columns-is-layout-flex\">\n<div class=\"wp-block-column is-layout-flow wp-block-column-is-layout-flow\">\n<figure class=\"wp-block-image size-full is-style-default\"><img loading=\"lazy\" decoding=\"async\" width=\"418\" height=\"626\" src=\"https:\/\/baremis.com\/wp-content\/uploads\/2025\/08\/ea62e8898e06a7f5fd65fc298ac76865.jpg\" alt=\"\" class=\"wp-image-337\" style=\"aspect-ratio:1;object-fit:cover\" srcset=\"https:\/\/baremis.com\/wp-content\/uploads\/2025\/08\/ea62e8898e06a7f5fd65fc298ac76865.jpg 418w, https:\/\/baremis.com\/wp-content\/uploads\/2025\/08\/ea62e8898e06a7f5fd65fc298ac76865-200x300.jpg 200w, https:\/\/baremis.com\/wp-content\/uploads\/2025\/08\/ea62e8898e06a7f5fd65fc298ac76865-8x12.jpg 8w\" sizes=\"auto, (max-width: 418px) 100vw, 418px\" \/><\/figure>\n\n\n\n<h3 class=\"wp-block-heading has-text-align-center\" style=\"margin-top:20px;font-size:clamp(1.092rem, 1.092rem + ((1vw - 0.2rem) * 1.013), 1.7rem);font-style:normal;font-weight:500\">Constituci\u00f3n de Empresa<\/h3>\n<\/div>\n\n\n\n<div class=\"wp-block-column is-layout-flow wp-block-column-is-layout-flow\">\n<figure class=\"wp-block-image size-full\"><img loading=\"lazy\" decoding=\"async\" width=\"720\" height=\"720\" src=\"https:\/\/baremis.com\/wp-content\/uploads\/2025\/08\/5afd988a6e902758902ac07e1f076333-1.jpg\" alt=\"\" class=\"wp-image-339\" style=\"aspect-ratio:1;object-fit:cover\" srcset=\"https:\/\/baremis.com\/wp-content\/uploads\/2025\/08\/5afd988a6e902758902ac07e1f076333-1.jpg 720w, https:\/\/baremis.com\/wp-content\/uploads\/2025\/08\/5afd988a6e902758902ac07e1f076333-1-300x300.jpg 300w, https:\/\/baremis.com\/wp-content\/uploads\/2025\/08\/5afd988a6e902758902ac07e1f076333-1-150x150.jpg 150w, https:\/\/baremis.com\/wp-content\/uploads\/2025\/08\/5afd988a6e902758902ac07e1f076333-1-12x12.jpg 12w\" sizes=\"auto, (max-width: 720px) 100vw, 720px\" \/><\/figure>\n\n\n\n<h3 class=\"wp-block-heading has-text-align-center\" style=\"margin-top:20px;font-size:clamp(1.092rem, 1.092rem + ((1vw - 0.2rem) * 1.013), 1.7rem);font-style:normal;font-weight:500\">Residencia en Emiratos<\/h3>\n<\/div>\n\n\n\n<div class=\"wp-block-column is-layout-flow wp-block-column-is-layout-flow\">\n<figure class=\"wp-block-image size-full\"><img loading=\"lazy\" decoding=\"async\" width=\"1024\" height=\"1024\" src=\"https:\/\/baremis.com\/wp-content\/uploads\/2025\/08\/2025-08-19-16-59-24-e6a85f0a-7f2f-4b21-802b-4cd1def3602f.jpg\" alt=\"\" class=\"wp-image-342\" style=\"aspect-ratio:1;object-fit:cover\"\/><\/figure>\n\n\n\n<h3 class=\"wp-block-heading has-text-align-center\" style=\"margin-top:20px;font-size:clamp(1.092rem, 1.092rem + ((1vw - 0.2rem) * 1.013), 1.7rem);font-style:normal;font-weight:500\">Cuenta Bancaria Empresarial<\/h3>\n<\/div>\n<\/div>\n<\/div>\n\n\n\n<div class=\"wp-block-group alignfull has-custom-dorado-background-color has-background has-global-padding is-layout-constrained wp-container-core-group-is-layout-6 wp-block-group-is-layout-constrained\" id=\"acerca-de\" style=\"margin-top:0;margin-bottom:0;padding-top:var(--wp--preset--spacing--60);padding-right:var(--wp--preset--spacing--30);padding-bottom:var(--wp--preset--spacing--60);padding-left:var(--wp--preset--spacing--30)\">\n<div class=\"wp-block-columns alignwide are-vertically-aligned-center is-layout-flex wp-container-core-columns-is-layout-2 wp-block-columns-is-layout-flex\">\n<div class=\"wp-block-column is-vertically-aligned-center is-layout-flow wp-block-column-is-layout-flow\" style=\"flex-basis:33.3%\">\n<h2 class=\"wp-block-heading has-text-align-left has-large-font-size\">Nuestra Misi\u00f3n<\/h2>\n\n\n\n<p style=\"margin-top:16px\">Acompa\u00f1amos a emprendedores, inversores y aut\u00f3nomos hispanohablantes en el proceso de internacionalizar sus negocios, brind\u00e1ndoles las herramientas legales y estrat\u00e9gicas para establecerse en Dub\u00e1i con \u00e9xito.<\/p>\n\n\n\n<p style=\"margin-top:16px\">Nos mueve la excelencia, la confianza y el compromiso con nuestros clientes para que puedan operar desde una de las jurisdicciones m\u00e1s s\u00f3lidas del mundo, sin complicaciones ni barreras ling\u00fc\u00edsticas.<\/p>\n<\/div>\n\n\n\n<div class=\"wp-block-column is-vertically-aligned-center is-layout-flow wp-container-core-column-is-layout-5 wp-block-column-is-layout-flow\" style=\"flex-basis:50%\">\n<figure class=\"wp-block-image size-large\"><img loading=\"lazy\" decoding=\"async\" width=\"1024\" height=\"683\" src=\"https:\/\/baremis.com\/wp-content\/uploads\/2025\/08\/66aa3eb0-7741-4eae-bb6b-77cb32c9c23d-1-1024x683.png\" alt=\"\" class=\"wp-image-344\" srcset=\"https:\/\/baremis.com\/wp-content\/uploads\/2025\/08\/66aa3eb0-7741-4eae-bb6b-77cb32c9c23d-1-1024x683.png 1024w, https:\/\/baremis.com\/wp-content\/uploads\/2025\/08\/66aa3eb0-7741-4eae-bb6b-77cb32c9c23d-1-300x200.png 300w, https:\/\/baremis.com\/wp-content\/uploads\/2025\/08\/66aa3eb0-7741-4eae-bb6b-77cb32c9c23d-1-768x512.png 768w, https:\/\/baremis.com\/wp-content\/uploads\/2025\/08\/66aa3eb0-7741-4eae-bb6b-77cb32c9c23d-1-18x12.png 18w, https:\/\/baremis.com\/wp-content\/uploads\/2025\/08\/66aa3eb0-7741-4eae-bb6b-77cb32c9c23d-1.png 1536w\" sizes=\"auto, (max-width: 1024px) 100vw, 1024px\" \/><\/figure>\n<\/div>\n<\/div>\n\n\n\n<blockquote class=\"wp-block-quote alignwide is-style-default has-link-color wp-elements-25a737eb4d88e5f3f60166113e35c8b7 is-layout-flow wp-block-quote-is-layout-flow\">\n<p><em>\u00abTransformamos tr\u00e1mites en oportunidades. Te llevamos de la idea a la realidad empresarial en Dub\u00e1i.\u00bb<\/em><\/p>\n<cite>Baremis &amp; asociados<\/cite><\/blockquote>\n<\/div>\n\n\n\n<div class=\"wp-block-group alignfull has-custom-black-background-color has-background has-global-padding is-layout-constrained wp-container-core-group-is-layout-7 wp-block-group-is-layout-constrained\" id=\"contacto\" style=\"margin-top:0;margin-bottom:0;padding-top:var(--wp--preset--spacing--60);padding-right:var(--wp--preset--spacing--30);padding-bottom:var(--wp--preset--spacing--60);padding-left:var(--wp--preset--spacing--30)\">\n<h2 class=\"wp-block-heading has-text-align-center has-large-font-size\">Cont\u00e1ctanos para descubrir c\u00f3mo podemos optimizar tus procesos de negocio.<\/h2>\n\n\n\n<p class=\"has-text-align-center\"><strong>1209 Mountain Road PL NE STE N Albuquerque, NM 87110, United States<\/strong><\/p>\n\n\n\n<p class=\"has-text-align-center\"><strong>Premises No 45465 &#8211; 001, IFZA Business Park, DDP, Dubai Silicon Oasis, Dubai, United Arab Emirates<\/strong><br><\/p>\n\n\n\n<p class=\"has-text-align-center has-small-font-size\" style=\"margin-top:8px\">Tel\u00e9fonos:<br>+971 50 653 5292<br>+34 629 01 49 01<\/p>\n\n\n\n<p class=\"has-text-align-center has-small-font-size\" style=\"margin-top:8px\">info@baremisyasociados.com<\/p>\n<\/div>\n\n\n\n<div class=\"wp-block-group alignfull has-custom-dorado-background-color has-background has-global-padding is-layout-constrained wp-container-core-group-is-layout-15 wp-block-group-is-layout-constrained\" id=\"caracteristicas\" style=\"margin-top:0;margin-bottom:0;padding-top:var(--wp--preset--spacing--50);padding-right:var(--wp--preset--spacing--30);padding-bottom:var(--wp--preset--spacing--60);padding-left:var(--wp--preset--spacing--30)\">\n<div class=\"wp-block-group alignwide has-global-padding is-content-justification-left is-layout-constrained wp-container-core-group-is-layout-8 wp-block-group-is-layout-constrained\">\n<h2 class=\"wp-block-heading has-large-font-size\" style=\"margin-top:12px\">Los Valores de nuestra empresa<\/h2>\n\n\n\n<p style=\"margin-top:16px\">En Baremis &amp; Asociados, creemos que los valores fundamentales son la base de nuestra identidad y gu\u00edan todas nuestras decisiones y acciones. Estos principios no solo definen qui\u00e9nes somos como organizaci\u00f3n, sino que tambi\u00e9n influyen en la manera en que nos relacionamos con nuestros clientes, colaboradores y la comunidad.<\/p>\n<\/div>\n\n\n\n<div class=\"wp-block-columns alignwide is-layout-flex wp-container-core-columns-is-layout-3 wp-block-columns-is-layout-flex\">\n<div class=\"wp-block-column is-layout-flow wp-block-column-is-layout-flow\">\n<figure class=\"wp-block-image aligncenter size-full\"><img loading=\"lazy\" decoding=\"async\" width=\"1024\" height=\"1024\" src=\"https:\/\/baremis.com\/wp-content\/uploads\/2025\/08\/52a47f6e-4032-49d7-a540-c739b4db6c2e.png\" alt=\"\" class=\"wp-image-345\" srcset=\"https:\/\/baremis.com\/wp-content\/uploads\/2025\/08\/52a47f6e-4032-49d7-a540-c739b4db6c2e.png 1024w, https:\/\/baremis.com\/wp-content\/uploads\/2025\/08\/52a47f6e-4032-49d7-a540-c739b4db6c2e-300x300.png 300w, https:\/\/baremis.com\/wp-content\/uploads\/2025\/08\/52a47f6e-4032-49d7-a540-c739b4db6c2e-150x150.png 150w, https:\/\/baremis.com\/wp-content\/uploads\/2025\/08\/52a47f6e-4032-49d7-a540-c739b4db6c2e-768x768.png 768w, https:\/\/baremis.com\/wp-content\/uploads\/2025\/08\/52a47f6e-4032-49d7-a540-c739b4db6c2e-12x12.png 12w\" sizes=\"auto, (max-width: 1024px) 100vw, 1024px\" \/><\/figure>\n<\/div>\n\n\n\n<div class=\"wp-block-column is-layout-flow wp-container-core-column-is-layout-7 wp-block-column-is-layout-flow\">\n<div class=\"wp-block-group has-custom-black-background-color has-background has-global-padding is-layout-constrained wp-container-core-group-is-layout-9 wp-block-group-is-layout-constrained\" style=\"padding-top:1.5rem;padding-right:1.5rem;padding-bottom:1.5rem;padding-left:1.5rem\">\n<h3 class=\"wp-block-heading\" style=\"font-size:clamp(14px, 0.875rem + ((1vw - 3.2px) * 0.625), 20px);line-height:1.5\">Visi\u00f3n Global<\/h3>\n\n\n\n<p class=\"has-small-font-size\" style=\"margin-top:8px\">Impulsamos proyectos con mentalidad internacional, ayudando a nuestros clientes a expandirse sin fronteras desde uno de los centros financieros m\u00e1s s\u00f3lidos del mundo: Dub\u00e1i.<\/p>\n<\/div>\n\n\n\n<div class=\"wp-block-group has-custom-black-background-color has-background has-global-padding is-layout-constrained wp-container-core-group-is-layout-10 wp-block-group-is-layout-constrained\" style=\"padding-top:1.5rem;padding-right:1.5rem;padding-bottom:1.5rem;padding-left:1.5rem\">\n<h3 class=\"wp-block-heading\" style=\"font-size:clamp(14px, 0.875rem + ((1vw - 3.2px) * 0.625), 20px);line-height:1.5\">Excelencia Estrat\u00e9gica<\/h3>\n\n\n\n<p class=\"has-small-font-size\" style=\"margin-top:8px\">No improvisamos. Aplicamos experiencia y planificaci\u00f3n en cada paso para asegurar resultados sostenibles y eficientes.<\/p>\n<\/div>\n\n\n\n<div class=\"wp-block-group has-custom-black-background-color has-background has-global-padding is-layout-constrained wp-container-core-group-is-layout-11 wp-block-group-is-layout-constrained\" style=\"padding-top:1.5rem;padding-right:1.5rem;padding-bottom:1.5rem;padding-left:1.5rem\">\n<h3 class=\"wp-block-heading\" style=\"font-size:clamp(14px, 0.875rem + ((1vw - 3.2px) * 0.625), 20px);line-height:1.5\"><strong>Transparencia y Confianza<\/strong><\/h3>\n\n\n\n<p class=\"has-small-font-size\" style=\"margin-top:8px\">Actuamos con integridad. Explicamos cada proceso con claridad y ofrecemos acompa\u00f1amiento cercano desde el primer contacto.<\/p>\n<\/div>\n\n\n\n<div class=\"wp-block-group has-custom-black-background-color has-background has-global-padding is-layout-constrained wp-container-core-group-is-layout-12 wp-block-group-is-layout-constrained\" style=\"padding-top:1.5rem;padding-right:1.5rem;padding-bottom:1.5rem;padding-left:1.5rem\">\n<h3 class=\"wp-block-heading\" style=\"font-size:clamp(14px, 0.875rem + ((1vw - 3.2px) * 0.625), 20px);line-height:1.5\">Innovaci\u00f3n Realista<\/h3>\n\n\n\n<p class=\"has-small-font-size\" style=\"margin-top:8px\">Nos adaptamos al cambio con soluciones actuales, eficaces y viables para cada tipo de negocio.<\/p>\n<\/div>\n\n\n\n<div class=\"wp-block-group has-custom-black-background-color has-background has-global-padding is-layout-constrained wp-container-core-group-is-layout-13 wp-block-group-is-layout-constrained\" style=\"padding-top:1.5rem;padding-right:1.5rem;padding-bottom:1.5rem;padding-left:1.5rem\">\n<h3 class=\"wp-block-heading\" style=\"font-size:clamp(14px, 0.875rem + ((1vw - 3.2px) * 0.625), 20px);line-height:1.5\">Eficiencia Legal y Fiscal<\/h3>\n\n\n\n<p class=\"has-small-font-size\" style=\"margin-top:8px\">Optimizamos estructuras legales y fiscales para que emprendedores, inversores y empresas operen con ventajas competitivas globales.<\/p>\n<\/div>\n\n\n\n<div class=\"wp-block-group has-custom-black-background-color has-background has-global-padding is-layout-constrained wp-container-core-group-is-layout-14 wp-block-group-is-layout-constrained\" style=\"padding-top:1.5rem;padding-right:1.5rem;padding-bottom:1.5rem;padding-left:1.5rem\">\n<h3 class=\"wp-block-heading\" style=\"font-size:clamp(14px, 0.875rem + ((1vw - 3.2px) * 0.625), 20px);line-height:1.5\">Compromiso Humano<\/h3>\n\n\n\n<p class=\"has-small-font-size\" style=\"margin-top:8px\">Detr\u00e1s de cada empresa, hay un sue\u00f1o. Y nosotros lo tratamos con el respeto y la dedicaci\u00f3n que merece.<\/p>\n<\/div>\n<\/div>\n<\/div>\n<\/div>\n\n\n\n<div class=\"wp-block-group alignfull has-custom-black-background-color has-background has-global-padding is-layout-constrained wp-container-core-group-is-layout-16 wp-block-group-is-layout-constrained\" style=\"margin-top:0;margin-bottom:0;padding-top:var(--wp--preset--spacing--60);padding-right:var(--wp--preset--spacing--30);padding-bottom:var(--wp--preset--spacing--60);padding-left:var(--wp--preset--spacing--30)\">\n<h2 class=\"wp-block-heading has-text-align-center has-large-font-size\">\u00bfListo para crear tu empresa en Dub\u00e1i con expertos de verdad?<\/h2>\n\n\n\n<p class=\"has-text-align-center\" style=\"margin-top:16px\">En Baremis &amp; Asociados te acompa\u00f1amos en todo el proceso: desde la constituci\u00f3n legal, hasta la residencia y apertura de cuenta bancaria.<br>Operamos desde Dub\u00e1i para ayudarte a expandirte al mundo sin complicaciones ni impuestos innecesarios.<\/p>\n\n\n\n<p class=\"has-text-align-center\" style=\"margin-top:16px\"><strong>Empieza hoy a construir tu futuro en Emiratos.<\/strong><\/p>\n\n\n\n<div class=\"wp-block-buttons is-content-justification-center is-layout-flex wp-container-core-buttons-is-layout-3 wp-block-buttons-is-layout-flex\">\n<div class=\"wp-block-button\"><a class=\"wp-block-button__link wp-element-button\" href=\"\/en\/contacto\/\">Reserva tu asesor\u00eda gratuita<\/a><\/div>\n<\/div>\n<\/div>\n\n\n\n<p><\/p>","protected":false},"excerpt":{"rendered":"<p>Crea tu empresa en Dub\u00e1i de forma f\u00e1cil y r\u00e1pida Nos encargamos de todo: constituci\u00f3n legal de tu empresa, apertura de cuenta bancaria y obtenci\u00f3n de tu residencia en Emiratos. Si eres aut\u00f3nomo, empresario o inversor y buscas pagar menos impuestos y operar globalmente, est\u00e1s en el lugar adecuado. Reserva tu asesor\u00eda personalizada y empieza [&hellip;]<\/p>\n","protected":false},"author":1,"featured_media":0,"parent":0,"menu_order":0,"comment_status":"closed","ping_status":"closed","template":"no-title","meta":{"om_disable_all_campaigns":false,"_monsterinsights_skip_tracking":false,"_monsterinsights_sitenote_active":false,"_monsterinsights_sitenote_note":"","_monsterinsights_sitenote_category":0,"footnotes":""},"class_list":["post-17","page","type-page","status-publish","hentry"],"aioseo_notices":[],"_links":{"self":[{"href":"https:\/\/baremis.com\/en\/wp-json\/wp\/v2\/pages\/17","targetHints":{"allow":["GET"]}}],"collection":[{"href":"https:\/\/baremis.com\/en\/wp-json\/wp\/v2\/pages"}],"about":[{"href":"https:\/\/baremis.com\/en\/wp-json\/wp\/v2\/types\/page"}],"author":[{"embeddable":true,"href":"https:\/\/baremis.com\/en\/wp-json\/wp\/v2\/users\/1"}],"replies":[{"embeddable":true,"href":"https:\/\/baremis.com\/en\/wp-json\/wp\/v2\/comments?post=17"}],"version-history":[{"count":50,"href":"https:\/\/baremis.com\/en\/wp-json\/wp\/v2\/pages\/17\/revisions"}],"predecessor-version":[{"id":358,"href":"https:\/\/baremis.com\/en\/wp-json\/wp\/v2\/pages\/17\/revisions\/358"}],"wp:attachment":[{"href":"https:\/\/baremis.com\/en\/wp-json\/wp\/v2\/media?parent=17"}],"curies":[{"name":"wp","href":"https:\/\/api.w.org\/{rel}","templated":true}]}}